{"id":945,"date":"2018-10-09T13:57:18","date_gmt":"2018-10-09T11:57:18","guid":{"rendered":"http:\/\/vx3611500.server2.imperialmedia.cz\/phylosophie"},"modified":"2018-10-10T10:10:10","modified_gmt":"2018-10-10T08:10:10","slug":"phylosophie","status":"publish","type":"page","link":"https:\/\/www.2g.eu\/de\/uber-uns\/phylosophie\/","title":{"rendered":"Phylosophie"},"content":{"rendered":"<p>Die Struktur unserer Kunden ist verschieden und so auch ihre Anforderungen und Bed\u00fcrfnisse. Wir versuchen dauerhaft unsere Produktion zu organisieren und so zu richten, damit wir die Erwartungen und Vorstellungen von bedeutenden Kunden oder Einzelabnehmern m\u00f6glichst gut befriedigen k\u00f6nnen. Unser Ziel ist eine langfristige Zusammenarbeit und wir bem\u00fchen uns unseren Kunden Qualit\u00e4tsprodukte mit entsprechender Serviceleistung zu liefern, so dass das Verh\u00e4ltniss zwischen Nutzwert und Preis m\u00f6glichst hoch ist. Die Mittel zur Erreichung unserer Ziele sind vor allem hohe Kvalifikation und Qualit\u00e4t unserer Arbeiter. Wir glauben, dass die Orientierung auf diese Aspekte uns verhilft, nicht nur unsere Position auf dem Markt zu sichern, sondern sie m\u00f6glichst zu verbessern.<\/p>\n","protected":false},"excerpt":{"rendered":"<p>Die Struktur unserer Kunden ist verschieden und so auch ihre Anforderungen und Bed\u00fcrfnisse. Wir versuchen dauerhaft unsere Produktion zu organisieren und so zu richten, damit wir die Erwartungen und Vorstellungen von bedeutenden Kunden oder Einzelabnehmern m\u00f6glichst gut befriedigen k\u00f6nnen. Unser Ziel ist eine langfristige Zusammenarbeit und wir bem\u00fchen uns unseren Kunden Qualit\u00e4tsprodukte mit entsprechender Serviceleistung [&hellip;]<\/p>\n","protected":false},"author":1,"featured_media":0,"parent":881,"menu_order":1,"comment_status":"closed","ping_status":"closed","template":"template-about-us.php","meta":{"_acf_changed":false,"footnotes":""},"class_list":["post-945","page","type-page","status-publish","hentry"],"acf":[],"_links":{"self":[{"href":"https:\/\/www.2g.eu\/de\/wp-json\/wp\/v2\/pages\/945","targetHints":{"allow":["GET"]}}],"collection":[{"href":"https:\/\/www.2g.eu\/de\/wp-json\/wp\/v2\/pages"}],"about":[{"href":"https:\/\/www.2g.eu\/de\/wp-json\/wp\/v2\/types\/page"}],"author":[{"embeddable":true,"href":"https:\/\/www.2g.eu\/de\/wp-json\/wp\/v2\/users\/1"}],"replies":[{"embeddable":true,"href":"https:\/\/www.2g.eu\/de\/wp-json\/wp\/v2\/comments?post=945"}],"version-history":[{"count":1,"href":"https:\/\/www.2g.eu\/de\/wp-json\/wp\/v2\/pages\/945\/revisions"}],"predecessor-version":[{"id":946,"href":"https:\/\/www.2g.eu\/de\/wp-json\/wp\/v2\/pages\/945\/revisions\/946"}],"up":[{"embeddable":true,"href":"https:\/\/www.2g.eu\/de\/wp-json\/wp\/v2\/pages\/881"}],"wp:attachment":[{"href":"https:\/\/www.2g.eu\/de\/wp-json\/wp\/v2\/media?parent=945"}],"curies":[{"name":"wp","href":"https:\/\/api.w.org\/{rel}","templated":true}]}}