{"id":884,"date":"2018-10-02T15:40:44","date_gmt":"2018-10-02T13:40:44","guid":{"rendered":"http:\/\/vx3611500.server2.imperialmedia.cz\/produktionstechnologien"},"modified":"2018-11-27T08:48:16","modified_gmt":"2018-11-27T07:48:16","slug":"produktionstechnologien","status":"publish","type":"page","link":"https:\/\/www.2g.eu\/de\/produktionstechnologien\/","title":{"rendered":"Produktionstechnologien"},"content":{"rendered":"<h2>D\u00fcrkopp Adler N\u00e4hmaschinen<\/h2>\n<div class=\"wpmf-gallerys wpmf-gallerys-life \" ><div id=\"gallery-1\" class=\"gallery gallery_life wpmf_gallery_default gallery_default  gallery-columns-3 gallery-size-medium gallery-link-file wpmf-has-border-radius-0 wpmf-gutterwidth-5 no_ratio\"><figure class=\"wpmf-gallery-item\" data-index=\"0\"><div class=\"wpmf-gallery-icon\"><div class=\"square_thumbnail\"><div class=\"img_centered\"><a class=\" not_video noLightbox\" data-lightbox=\"1\" data-href=\"https:\/\/www.2g.eu\/wp-content\/uploads\/2018\/10\/sici-stroje-ducc88rkopp-adler-1024x683.jpg\" title=\"D\u00fcrkopp Adler N\u00e4hmaschinen\" target=\"_self\" data-index=\"0\"><img decoding=\"async\" class=\"wpmf_img\" alt=\"D\u00fcrkopp Adler N\u00e4hmaschinen\" src=\"https:\/\/www.2g.eu\/wp-content\/uploads\/2018\/10\/sici-stroje-ducc88rkopp-adler-400x267.jpg\" data-type=\"wpmfgalleryimg\" data-lazy-src=\"https:\/\/www.2g.eu\/wp-content\/uploads\/2018\/10\/sici-stroje-ducc88rkopp-adler-400x267.jpg\"><\/a><\/div><\/div><\/div><\/figure><\/div><\/div>\n<h2>Einnadel-Steppmaschinen Stutzn\u00e4cker Mammut und Resta<\/h2>\n<div class=\"wpmf-gallerys wpmf-gallerys-life \" ><div id=\"gallery-2\" class=\"gallery gallery_life wpmf_gallery_default gallery_default  gallery-columns-3 gallery-size-medium gallery-link-file wpmf-has-border-radius-0 wpmf-gutterwidth-5 no_ratio\"><figure class=\"wpmf-gallery-item\" data-index=\"0\"><div class=\"wpmf-gallery-icon\"><div class=\"square_thumbnail\"><div class=\"img_centered\"><a class=\" not_video noLightbox\" data-lightbox=\"1\" data-href=\"https:\/\/www.2g.eu\/wp-content\/uploads\/2018\/10\/prosivaci-stroje-stutznacc88cker-mammut-resta-i-quilt-2-1024x767.jpg\" title=\"Einnadel-Steppmaschinen Stutzn\u00e4cker Mammut und Resta MPU 2\" target=\"_self\" data-index=\"0\"><img decoding=\"async\" class=\"wpmf_img\" alt=\"Einnadel-Steppmaschinen Stutzn\u00e4cker Mammut und Resta MPU 2\" src=\"https:\/\/www.2g.eu\/wp-content\/uploads\/2018\/10\/prosivaci-stroje-stutznacc88cker-mammut-resta-i-quilt-2-400x300.jpg\" data-type=\"wpmfgalleryimg\" data-lazy-src=\"https:\/\/www.2g.eu\/wp-content\/uploads\/2018\/10\/prosivaci-stroje-stutznacc88cker-mammut-resta-i-quilt-2-400x300.jpg\"><\/a><\/div><\/div><\/div><\/figure><figure class=\"wpmf-gallery-item\" data-index=\"1\"><div class=\"wpmf-gallery-icon\"><div class=\"square_thumbnail\"><div class=\"img_centered\"><a class=\" not_video noLightbox\" data-lightbox=\"1\" data-href=\"https:\/\/www.2g.eu\/wp-content\/uploads\/2018\/10\/prosivaci-stroje-stutznacc88cker-mammut-resta-i-quilt-1-1024x767.jpg\" title=\"Einnadel-Steppmaschinen Stutzn\u00e4cker Mammut und Resta MPU 1\" target=\"_self\" data-index=\"1\"><img decoding=\"async\" class=\"wpmf_img\" alt=\"Einnadel-Steppmaschinen Stutzn\u00e4cker Mammut und Resta MPU 1\" src=\"https:\/\/www.2g.eu\/wp-content\/uploads\/2018\/10\/prosivaci-stroje-stutznacc88cker-mammut-resta-i-quilt-1-400x300.jpg\" data-type=\"wpmfgalleryimg\" data-lazy-src=\"https:\/\/www.2g.eu\/wp-content\/uploads\/2018\/10\/prosivaci-stroje-stutznacc88cker-mammut-resta-i-quilt-1-400x300.jpg\"><\/a><\/div><\/div><\/div><\/figure><\/div><\/div>\n<h2><span id=\"result_box\" class=\"short_text\" lang=\"de\">QUILT Mehrnadelsteppmaschine<\/span><\/h2>\n<p><img loading=\"lazy\" decoding=\"async\" class=\"alignnone wp-image-789\" src=\"https:\/\/www.2g.eu\/wp-content\/uploads\/2018\/10\/prosivaci-stroje-stutznacc88cker-mammut-resta-i-quilt-3-400x276.jpg\" alt=\"\" width=\"317\" height=\"219\" srcset=\"https:\/\/www.2g.eu\/wp-content\/uploads\/2018\/10\/prosivaci-stroje-stutznacc88cker-mammut-resta-i-quilt-3-400x276.jpg 400w, https:\/\/www.2g.eu\/wp-content\/uploads\/2018\/10\/prosivaci-stroje-stutznacc88cker-mammut-resta-i-quilt-3-768x530.jpg 768w, https:\/\/www.2g.eu\/wp-content\/uploads\/2018\/10\/prosivaci-stroje-stutznacc88cker-mammut-resta-i-quilt-3-1024x707.jpg 1024w, https:\/\/www.2g.eu\/wp-content\/uploads\/2018\/10\/prosivaci-stroje-stutznacc88cker-mammut-resta-i-quilt-3.jpg 1920w\" sizes=\"auto, (max-width: 317px) 100vw, 317px\" \/><\/p>\n<h2>Schnittlinie Bullmer<\/h2>\n<div class=\"wpmf-gallerys wpmf-gallerys-life \" ><div id=\"gallery-3\" class=\"gallery gallery_life wpmf_gallery_default gallery_default  gallery-columns-3 gallery-size-medium gallery-link-file wpmf-has-border-radius-0 wpmf-gutterwidth-5 no_ratio\"><figure class=\"wpmf-gallery-item\" data-index=\"0\"><div class=\"wpmf-gallery-icon\"><div class=\"square_thumbnail\"><div class=\"img_centered\"><a class=\" not_video noLightbox\" data-lightbox=\"1\" data-href=\"https:\/\/www.2g.eu\/wp-content\/uploads\/2018\/10\/strihaci-linka-bullmer-1024x683.jpg\" title=\"Schnittlinie Bullmer\" target=\"_self\" data-index=\"0\"><img decoding=\"async\" class=\"wpmf_img\" alt=\"Schnittlinie Bullmer\" src=\"https:\/\/www.2g.eu\/wp-content\/uploads\/2018\/10\/strihaci-linka-bullmer-400x267.jpg\" data-type=\"wpmfgalleryimg\" data-lazy-src=\"https:\/\/www.2g.eu\/wp-content\/uploads\/2018\/10\/strihaci-linka-bullmer-400x267.jpg\"><\/a><\/div><\/div><\/div><\/figure><\/div><\/div>\n<h2>Lion maschunenkugelfaser machine<\/h2>\n<div class=\"wpmf-gallerys wpmf-gallerys-life \" ><div id=\"gallery-4\" class=\"gallery gallery_life wpmf_gallery_default gallery_default  gallery-columns-3 gallery-size-medium gallery-link-file wpmf-has-border-radius-0 wpmf-gutterwidth-5 no_ratio\"><figure class=\"wpmf-gallery-item\" data-index=\"0\"><div class=\"wpmf-gallery-icon\"><div class=\"square_thumbnail\"><div class=\"img_centered\"><a class=\" not_video noLightbox\" data-lightbox=\"1\" data-href=\"https:\/\/www.2g.eu\/wp-content\/uploads\/2018\/10\/michaci-stroj-quarrata-furniture-1024x700.jpg\" title=\"Quarrata Furniture Silo \u2013 Mischeinheit\" target=\"_self\" data-index=\"0\"><img decoding=\"async\" class=\"wpmf_img\" alt=\"Quarrata Furniture Silo \u2013 Mischeinheit\" src=\"https:\/\/www.2g.eu\/wp-content\/uploads\/2018\/10\/michaci-stroj-quarrata-furniture-400x273.jpg\" data-type=\"wpmfgalleryimg\" data-lazy-src=\"https:\/\/www.2g.eu\/wp-content\/uploads\/2018\/10\/michaci-stroj-quarrata-furniture-400x273.jpg\"><\/a><\/div><\/div><\/div><\/figure><\/div><\/div>\n","protected":false},"excerpt":{"rendered":"<p>D\u00fcrkopp Adler N\u00e4hmaschinen Einnadel-Steppmaschinen Stutzn\u00e4cker Mammut und Resta QUILT Mehrnadelsteppmaschine Schnittlinie Bullmer Lion maschunenkugelfaser machine<\/p>\n","protected":false},"author":1,"featured_media":0,"parent":0,"menu_order":4,"comment_status":"closed","ping_status":"closed","template":"","meta":{"_acf_changed":false,"footnotes":""},"class_list":["post-884","page","type-page","status-publish","hentry"],"acf":[],"_links":{"self":[{"href":"https:\/\/www.2g.eu\/de\/wp-json\/wp\/v2\/pages\/884","targetHints":{"allow":["GET"]}}],"collection":[{"href":"https:\/\/www.2g.eu\/de\/wp-json\/wp\/v2\/pages"}],"about":[{"href":"https:\/\/www.2g.eu\/de\/wp-json\/wp\/v2\/types\/page"}],"author":[{"embeddable":true,"href":"https:\/\/www.2g.eu\/de\/wp-json\/wp\/v2\/users\/1"}],"replies":[{"embeddable":true,"href":"https:\/\/www.2g.eu\/de\/wp-json\/wp\/v2\/comments?post=884"}],"version-history":[{"count":5,"href":"https:\/\/www.2g.eu\/de\/wp-json\/wp\/v2\/pages\/884\/revisions"}],"predecessor-version":[{"id":1804,"href":"https:\/\/www.2g.eu\/de\/wp-json\/wp\/v2\/pages\/884\/revisions\/1804"}],"wp:attachment":[{"href":"https:\/\/www.2g.eu\/de\/wp-json\/wp\/v2\/media?parent=884"}],"curies":[{"name":"wp","href":"https:\/\/api.w.org\/{rel}","templated":true}]}}