{"id":881,"date":"2018-10-02T15:40:28","date_gmt":"2018-10-02T13:40:28","guid":{"rendered":"http:\/\/vx3611500.server2.imperialmedia.cz\/uber-uns"},"modified":"2018-10-11T18:58:41","modified_gmt":"2018-10-11T16:58:41","slug":"uber-uns","status":"publish","type":"page","link":"https:\/\/www.2g.eu\/de\/uber-uns\/","title":{"rendered":"\u00dcber uns"},"content":{"rendered":"<p>Die Firma wurde vom Ehepaar Gregor im Jahre 1995 gegr\u00fcndet. Sie kn\u00fcpfte an die Tradition der Herstellung von Wolldecken an, die f\u00fcr diese Region seit Generationen typisch ist die im Jahre 1987 begann. Die Firma entwickelte sich sehr dynamisch, zur urspr\u00fcnglichen Herstellung von Decken kam schrittweise die Herstellung von Bettkissen, \u00dcberdecken, Zubeh\u00f6r zum gesunden Schlaf, sowie auch Matrazen (inklusive Futons) und vor allem Polsterf\u00fcllungen.<\/p>\n<p>2G GmbH &#8211; Decken und Polster ist eine Familienfirma, die zu den gr\u00f6ssten Herstellen von Decken und Polstern, sowie auch Polsterf\u00fcllungen nich nur in der Tschechischen Republik, sondern auch in der Slowakei, geh\u00f6rt. Der umfang der vewendeten Materialien ist im Inland einzigartig. Zur Zeit besch\u00e4ftigt unsere Gesellschaft in drei Betrieben rund 140 Arbeiter. Die Firma verf\u00fcgt \u00fcber fortgeschrittene technologische Ausstattung von renomierten Herstellern (D\u00fcrkopp, Adler, Stutzn\u00e4cker &#8211; Mamut oder Resta), die uns die Anfertigung bis zur Breite von 280cm erm\u00f6glicht. Dauerhafte Erh\u00f6hung des technologischen Niveau ist die h\u00f6hste Priorit\u00e4t unserer Gesellschaft. Die Gesellschaft ist im grossen Ausmass an den Welthandel angebunden, zirka 30% der Produktion exportieren wir und ungef\u00e4hr 30% der Eing\u00e4nge importieren wir.<\/p>\n<p>Die Firma arbeitet langfristig mit einer vom Staat autorisierten Materialpr\u00fcfanlage ITC Zl\u00edn, mit den Textilpr\u00fcfungsinstitut in Brno und mit dem Designzentrum Brno, zusammen. Die Gesellschaft ist Mitglied der ATOK &#8211; Assoziation der Textil-, Bekleidungs- und Lederindustrie und der Zunft der Polsterer Brno. Die Gesellschaft ist berechtigt, die Bezeichnung \u201e\u010cESK\u00dd V\u00ddROBEK&#8221; zu benutzen, die die h\u00f6hste Qualit\u00e4t unserer Produktion beweist. Seit Jahren arbeiten wir mit der Agentur f\u00fcr die F\u00f6rderung vom Export Czech Trade zusammen, und auch wegen dieser Partnerschaft erh\u00f6ht sich schrittweise der Anteil der ausl\u00e4ndigen Gesch\u00e4ftspartner am Umsatz der Gesellschaft. Das Hauptabsatzgebiet sind vor allem die Nachbarl\u00e4nder, aber auch Russland oder Kroatien.<\/p>\n<p><img loading=\"lazy\" decoding=\"async\" class=\"aligncenter wp-image-813 size-large\" src=\"http:\/\/www.2g.eu\/wp-content\/uploads\/2018\/10\/o-nas-1024x767.jpg\" alt=\"\" width=\"1024\" height=\"767\" srcset=\"https:\/\/www.2g.eu\/wp-content\/uploads\/2018\/10\/o-nas-1024x767.jpg 1024w, https:\/\/www.2g.eu\/wp-content\/uploads\/2018\/10\/o-nas-400x300.jpg 400w, https:\/\/www.2g.eu\/wp-content\/uploads\/2018\/10\/o-nas-768x576.jpg 768w, https:\/\/www.2g.eu\/wp-content\/uploads\/2018\/10\/o-nas.jpg 1441w\" sizes=\"auto, (max-width: 1024px) 100vw, 1024px\" \/><\/p>\n","protected":false},"excerpt":{"rendered":"<p>Die Firma wurde vom Ehepaar Gregor im Jahre 1995 gegr\u00fcndet. Sie kn\u00fcpfte an die Tradition der Herstellung von Wolldecken an, die f\u00fcr diese Region seit Generationen typisch ist die im Jahre 1987 begann. Die Firma entwickelte sich sehr dynamisch, zur urspr\u00fcnglichen Herstellung von Decken kam schrittweise die Herstellung von Bettkissen, \u00dcberdecken, Zubeh\u00f6r zum gesunden Schlaf, [&hellip;]<\/p>\n","protected":false},"author":1,"featured_media":0,"parent":0,"menu_order":3,"comment_status":"closed","ping_status":"closed","template":"template-about-us.php","meta":{"_acf_changed":false,"footnotes":""},"class_list":["post-881","page","type-page","status-publish","hentry"],"acf":[],"_links":{"self":[{"href":"https:\/\/www.2g.eu\/de\/wp-json\/wp\/v2\/pages\/881","targetHints":{"allow":["GET"]}}],"collection":[{"href":"https:\/\/www.2g.eu\/de\/wp-json\/wp\/v2\/pages"}],"about":[{"href":"https:\/\/www.2g.eu\/de\/wp-json\/wp\/v2\/types\/page"}],"author":[{"embeddable":true,"href":"https:\/\/www.2g.eu\/de\/wp-json\/wp\/v2\/users\/1"}],"replies":[{"embeddable":true,"href":"https:\/\/www.2g.eu\/de\/wp-json\/wp\/v2\/comments?post=881"}],"version-history":[{"count":2,"href":"https:\/\/www.2g.eu\/de\/wp-json\/wp\/v2\/pages\/881\/revisions"}],"predecessor-version":[{"id":1106,"href":"https:\/\/www.2g.eu\/de\/wp-json\/wp\/v2\/pages\/881\/revisions\/1106"}],"wp:attachment":[{"href":"https:\/\/www.2g.eu\/de\/wp-json\/wp\/v2\/media?parent=881"}],"curies":[{"name":"wp","href":"https:\/\/api.w.org\/{rel}","templated":true}]}}